{"id":3,"date":"2020-03-12T15:27:54","date_gmt":"2020-03-12T15:27:54","guid":{"rendered":"https:\/\/becodaliberdade.com\/httpdocs\/?page_id=3"},"modified":"2026-04-29T23:24:32","modified_gmt":"2026-04-29T22:24:32","slug":"politica-privacidade","status":"publish","type":"page","link":"https:\/\/becodaliberdade.com\/pt\/privacy-policy\/","title":{"rendered":"Pol\u00edtica de Privacidade"},"content":{"rendered":"<div data-elementor-type=\"wp-page\" data-elementor-id=\"3\" class=\"elementor elementor-3\" data-elementor-post-type=\"page\">\n\t\t\t\t<div class=\"elementor-element elementor-element-0e531d3 e-flex e-con-boxed e-con e-parent\" data-id=\"0e531d3\" data-element_type=\"container\" data-e-type=\"container\">\n\t\t\t\t\t<div class=\"e-con-inner\">\n\t\t<div class=\"elementor-element elementor-element-94cbb9a e-con-full e-flex e-con e-child\" data-id=\"94cbb9a\" data-element_type=\"container\" data-e-type=\"container\">\n\t\t\t\t<div class=\"elementor-element elementor-element-0306e1b elementor-widget elementor-widget-heading\" data-id=\"0306e1b\" data-element_type=\"widget\" data-e-type=\"widget\" data-widget_type=\"heading.default\">\n\t\t\t\t<div class=\"elementor-widget-container\">\n\t\t\t\t\t<h1 class=\"elementor-heading-title elementor-size-default\">Pol\u00edtica de Privacidade<\/h1>\t\t\t\t<\/div>\n\t\t\t\t<\/div>\n\t\t\t\t<\/div>\n\t\t<div class=\"elementor-element elementor-element-48bffd8 e-con-full e-flex e-con e-child\" data-id=\"48bffd8\" data-element_type=\"container\" data-e-type=\"container\">\n\t\t\t\t<div class=\"elementor-element elementor-element-beb9dbd elementor-widget elementor-widget-text-editor\" data-id=\"beb9dbd\" data-element_type=\"widget\" data-e-type=\"widget\" data-widget_type=\"text-editor.default\">\n\t\t\t\t<div class=\"elementor-widget-container\">\n\t\t\t\t\t\t\t\t\t<h3>Quem somos<\/h3><p>O endere\u00e7o do nosso site \u00e9: https:\/\/becodaliberdade.com<\/p><h3>Que dados pessoais recolhemos e por que raz\u00e3o os recolhemos<\/h3><h5>Formul\u00e1rios de contacto<\/h5><p>Nome completo e dados pessoais, incluindo informa\u00e7\u00f5es de contacto (por exemplo, endere\u00e7o de e-mail). Os dados constantes no registo do cliente que estejam assinalados com um asterisco (*) ser\u00e3o necess\u00e1rios para o cumprimento do fim estabelecido. Assim, caso o utilizador n\u00e3o os forne\u00e7a, <strong>Beco da Liberdade<\/strong> n\u00e3o poder\u00e1 satisfazer o pedido deste.<\/p><h5>Cookies<\/h5><p>Para ajudar a analisar a forma como voc\u00ea e outros visitantes navegam no website <strong>Beco da Liberdade<\/strong> e a compilar estat\u00edsticas agregadas sobre a utiliza\u00e7\u00e3o do website e as taxas de resposta, n\u00f3s, com a assist\u00eancia de fornecedores de servi\u00e7os de an\u00e1lise terceiros, recolhemos determinadas informa\u00e7\u00f5es quando visita o nosso website. Esta informa\u00e7\u00e3o inclui o endere\u00e7o IP, a localiza\u00e7\u00e3o geogr\u00e1fica do dispositivo, o tipo de navegador, o idioma do navegador, a data e hora do seu pedido, a hora da(s) sua(s) visita(s), as visualiza\u00e7\u00f5es de p\u00e1gina e os elementos da p\u00e1gina (por exemplo, liga\u00e7\u00f5es) nos quais clica.<\/p><p>Podemos utilizar cookies, pixel tags, web beacons, clear GIFs ou outras ferramentas semelhantes no nosso website ou nas nossas mensagens de e-mail para nos ajudar a recolher e analisar estas informa\u00e7\u00f5es. Utilizamos estas informa\u00e7\u00f5es para fornecer conte\u00fado melhor e mais relevante no nosso website, medir a efic\u00e1cia dos an\u00fancios, identificar e corrigir problemas e melhorar a sua experi\u00eancia global no nosso website. Tamb\u00e9m podemos contratar um ou mais fornecedores de servi\u00e7os terceiros para fornecer an\u00fancios online em nosso nome. Podem utilizar uma etiqueta de pixel ou outra tecnologia semelhante para recolher informa\u00e7\u00f5es sobre as suas visitas aos sites e podem utilizar essas informa\u00e7\u00f5es para lhe enviar an\u00fancios direcionados.<\/p><p>Para mais informa\u00e7\u00f5es sobre esta pr\u00e1tica e para cancelar a recolha e utiliza\u00e7\u00e3o destas informa\u00e7\u00f5es pelos nossos prestadores de servi\u00e7os terceiros, consulte <a href=\"https:\/\/www.cookiesandyou.com\/\" target=\"_blank\" rel=\"noopener\">Cookiesandyou.com<\/a>.<\/p><h3>Finalidades do tratamento<\/h3><p>Os dados pessoais que recebemos atrav\u00e9s desta p\u00e1gina ser\u00e3o utilizados apenas para os seguintes fins:<\/p><p>Comunica\u00e7\u00e3o com os clientes;<br \/>Processamento de pedidos de informa\u00e7\u00e3o relacionados com os nossos neg\u00f3cios;<br \/>Pedidos de reservas;<br \/>Confirma\u00e7\u00f5es de reserva;<\/p><h3>Conte\u00fado incorporado de outros sites<\/h3><p>Os artigos neste site podem incluir conte\u00fado incorporado (por exemplo, v\u00eddeos, imagens, artigos, etc.). O conte\u00fado incorporado de outros sites comporta-se exatamente da mesma forma como se o visitante tivesse visitado o outro site.<\/p><p>Estes sites podem recolher dados sobre si, utilizar cookies, incorporar um rastreio adicional de terceiros e monitorizar a sua intera\u00e7\u00e3o com esse conte\u00fado incorporado, incluindo o rastreio da sua intera\u00e7\u00e3o com o conte\u00fado incorporado se tiver uma conta e estiver ligado a esse site.<\/p><h3>Analytics<\/h3><p>O Google Analytics \u00e9 utilizado para rastrear estat\u00edsticas do website, dados demogr\u00e1ficos, interesses e comportamento dos utilizadores nos websites. Tamb\u00e9m utilizamos o Google Search Console para ajudar a compreender como os visitantes do nosso website o encontram e para melhorar a nossa otimiza\u00e7\u00e3o de motores de busca. <a href=\"https:\/\/tools.google.com\/dlpage\/gaoptout\">Descubra mais informa\u00e7\u00f5es<\/a> sobre como estas informa\u00e7\u00f5es anal\u00edticas podem ser utilizadas, como controlar a utiliza\u00e7\u00e3o das suas informa\u00e7\u00f5es e como optar por n\u00e3o ter os seus dados utilizados pelo Google Analytics.<\/p><h3>Durante quanto tempo retemos os seus dados<\/h3><p>Retemos os seus dados apenas durante o tempo necess\u00e1rio para a finalidade para a qual foram recolhidos.<\/p><h3>Quais s\u00e3o os seus direitos sobre os seus dados<\/h3><p>Pode solicitar a rece\u00e7\u00e3o de um ficheiro exportado dos dados pessoais que temos sobre si, incluindo quaisquer dados que nos tenha fornecido. Tamb\u00e9m pode solicitar que apaguemos quaisquer dados pessoais que tenhamos sobre si. Isto n\u00e3o inclui quaisquer dados que sejamos obrigados a manter para fins administrativos, legais ou de seguran\u00e7a.<\/p><h3>Informa\u00e7\u00f5es adicionais<\/h3><h5>Como protegemos os seus dados<\/h5><p>Implement\u00e1mos medidas num esfor\u00e7o para manter a confidencialidade de todas as informa\u00e7\u00f5es pessoais sob a nossa cust\u00f3dia e controlo, incluindo o fornecimento de acesso \u00e0s informa\u00e7\u00f5es pessoais apenas a colaboradores e prestadores de servi\u00e7os autorizados que necessitem dessas informa\u00e7\u00f5es para os fins descritos neste documento. Mantemos salvaguardas administrativas, t\u00e9cnicas e f\u00edsicas, num esfor\u00e7o para proteger contra o acesso n\u00e3o autorizado, utiliza\u00e7\u00e3o, modifica\u00e7\u00e3o e divulga\u00e7\u00e3o de informa\u00e7\u00f5es pessoais sob a nossa cust\u00f3dia e controlo.<\/p>\t\t\t\t\t\t\t\t<\/div>\n\t\t\t\t<\/div>\n\t\t\t\t<\/div>\n\t\t\t\t\t<\/div>\n\t\t\t\t<\/div>\n\t\t<div class=\"elementor-element elementor-element-54e1fccf e-flex e-con-boxed e-con e-parent\" data-id=\"54e1fccf\" data-element_type=\"container\" data-e-type=\"container\" data-settings=\"{&quot;background_background&quot;:&quot;classic&quot;}\">\n\t\t\t\t\t<div class=\"e-con-inner\">\n\t\t<div class=\"elementor-element elementor-element-49ef220 e-con-full e-flex e-con e-child\" data-id=\"49ef220\" data-element_type=\"container\" data-e-type=\"container\">\n\t\t\t\t<div class=\"elementor-element elementor-element-261c08f4 elementor-invisible elementor-widget elementor-widget-image\" data-id=\"261c08f4\" data-element_type=\"widget\" data-e-type=\"widget\" data-settings=\"{&quot;_animation&quot;:&quot;zoomIn&quot;}\" data-widget_type=\"image.default\">\n\t\t\t\t<div class=\"elementor-widget-container\">\n\t\t\t\t\t\t\t\t\t\t\t\t\t\t\t<img decoding=\"async\" width=\"217\" height=\"120\" src=\"https:\/\/becodaliberdade.com\/wp-content\/uploads\/BL_LogoHeader.png\" class=\"attachment-full size-full wp-image-1580\" alt=\"Beco da Liberdade\" srcset=\"https:\/\/becodaliberdade.com\/wp-content\/uploads\/BL_LogoHeader.png 217w, https:\/\/becodaliberdade.com\/wp-content\/uploads\/BL_LogoHeader-18x10.png 18w\" sizes=\"(max-width: 217px) 100vw, 217px\" \/>\t\t\t\t\t\t\t\t\t\t\t\t\t\t\t<\/div>\n\t\t\t\t<\/div>\n\t\t\t\t<div class=\"elementor-element elementor-element-7229a34 e-grid-align-mobile-center elementor-shape-rounded elementor-grid-0 e-grid-align-center elementor-widget elementor-widget-social-icons\" data-id=\"7229a34\" data-element_type=\"widget\" data-e-type=\"widget\" data-widget_type=\"social-icons.default\">\n\t\t\t\t<div class=\"elementor-widget-container\">\n\t\t\t\t\t\t\t<div class=\"elementor-social-icons-wrapper elementor-grid\" role=\"list\">\n\t\t\t\t\t\t\t<span class=\"elementor-grid-item\" role=\"listitem\">\n\t\t\t\t\t<a class=\"elementor-icon elementor-social-icon elementor-social-icon-facebook-f elementor-repeater-item-j72bmuy\" href=\"https:\/\/www.facebook.com\/BecoDaLiberdadeBeachHousesArrifana\/\" target=\"_blank\">\n\t\t\t\t\t\t<span class=\"elementor-screen-only\">Facebook-f<\/span>\n\t\t\t\t\t\t<svg aria-hidden=\"true\" class=\"e-font-icon-svg e-fab-facebook-f\" viewbox=\"0 0 320 512\" xmlns=\"http:\/\/www.w3.org\/2000\/svg\"><path d=\"M279.14 288l14.22-92.66h-88.91v-60.13c0-25.35 12.42-50.06 52.24-50.06h40.42V6.26S260.43 0 225.36 0c-73.22 0-121.08 44.38-121.08 124.72v70.62H22.89V288h81.39v224h100.17V288z\"><\/path><\/svg>\t\t\t\t\t<\/a>\n\t\t\t\t<\/span>\n\t\t\t\t\t\t\t<span class=\"elementor-grid-item\" role=\"listitem\">\n\t\t\t\t\t<a class=\"elementor-icon elementor-social-icon elementor-social-icon-instagram elementor-repeater-item-39wqrd7\" href=\"https:\/\/www.instagram.com\/becodaliberdade\/\" target=\"_blank\">\n\t\t\t\t\t\t<span class=\"elementor-screen-only\">Instagram<\/span>\n\t\t\t\t\t\t<svg aria-hidden=\"true\" class=\"e-font-icon-svg e-fab-instagram\" viewbox=\"0 0 448 512\" xmlns=\"http:\/\/www.w3.org\/2000\/svg\"><path d=\"M224.1 141c-63.6 0-114.9 51.3-114.9 114.9s51.3 114.9 114.9 114.9S339 319.5 339 255.9 287.7 141 224.1 141zm0 189.6c-41.1 0-74.7-33.5-74.7-74.7s33.5-74.7 74.7-74.7 74.7 33.5 74.7 74.7-33.6 74.7-74.7 74.7zm146.4-194.3c0 14.9-12 26.8-26.8 26.8-14.9 0-26.8-12-26.8-26.8s12-26.8 26.8-26.8 26.8 12 26.8 26.8zm76.1 27.2c-1.7-35.9-9.9-67.7-36.2-93.9-26.2-26.2-58-34.4-93.9-36.2-37-2.1-147.9-2.1-184.9 0-35.8 1.7-67.6 9.9-93.9 36.1s-34.4 58-36.2 93.9c-2.1 37-2.1 147.9 0 184.9 1.7 35.9 9.9 67.7 36.2 93.9s58 34.4 93.9 36.2c37 2.1 147.9 2.1 184.9 0 35.9-1.7 67.7-9.9 93.9-36.2 26.2-26.2 34.4-58 36.2-93.9 2.1-37 2.1-147.8 0-184.8zM398.8 388c-7.8 19.6-22.9 34.7-42.6 42.6-29.5 11.7-99.5 9-132.1 9s-102.7 2.6-132.1-9c-19.6-7.8-34.7-22.9-42.6-42.6-11.7-29.5-9-99.5-9-132.1s-2.6-102.7 9-132.1c7.8-19.6 22.9-34.7 42.6-42.6 29.5-11.7 99.5-9 132.1-9s102.7-2.6 132.1 9c19.6 7.8 34.7 22.9 42.6 42.6 11.7 29.5 9 99.5 9 132.1s2.7 102.7-9 132.1z\"><\/path><\/svg>\t\t\t\t\t<\/a>\n\t\t\t\t<\/span>\n\t\t\t\t\t<\/div>\n\t\t\t\t\t\t<\/div>\n\t\t\t\t<\/div>\n\t\t\t\t<div class=\"elementor-element elementor-element-645de5c2 elementor-widget elementor-widget-heading\" data-id=\"645de5c2\" data-element_type=\"widget\" data-e-type=\"widget\" data-widget_type=\"heading.default\">\n\t\t\t\t<div class=\"elementor-widget-container\">\n\t\t\t\t\t<h6 class=\"elementor-heading-title elementor-size-default\"><a href=\"https:\/\/becodaliberdade.com\/pt\/privacy-policy\/\">Pol\u00edtica de Privacidade<\/a><\/h6>\t\t\t\t<\/div>\n\t\t\t\t<\/div>\n\t\t\t\t<\/div>\n\t\t<div class=\"elementor-element elementor-element-1988c537 e-con-full e-flex e-con e-child\" data-id=\"1988c537\" data-element_type=\"container\" data-e-type=\"container\">\n\t\t\t\t<div class=\"elementor-element elementor-element-5fc17693 elementor-icon-list--layout-traditional elementor-list-item-link-full_width elementor-widget elementor-widget-icon-list\" data-id=\"5fc17693\" data-element_type=\"widget\" data-e-type=\"widget\" data-widget_type=\"icon-list.default\">\n\t\t\t\t<div class=\"elementor-widget-container\">\n\t\t\t\t\t\t\t<ul class=\"elementor-icon-list-items\">\n\t\t\t\t\t\t\t<li class=\"elementor-icon-list-item\">\n\t\t\t\t\t\t\t\t\t\t\t<span class=\"elementor-icon-list-icon\">\n\t\t\t\t\t\t\t<svg aria-hidden=\"true\" class=\"e-font-icon-svg e-fas-map-marker-alt\" viewbox=\"0 0 384 512\" xmlns=\"http:\/\/www.w3.org\/2000\/svg\"><path d=\"M172.268 501.67C26.97 291.031 0 269.413 0 192 0 85.961 85.961 0 192 0s192 85.961 192 192c0 77.413-26.97 99.031-172.268 309.67-9.535 13.774-29.93 13.773-39.464 0zM192 272c44.183 0 80-35.817 80-80s-35.817-80-80-80-80 35.817-80 80 35.817 80 80 80z\"><\/path><\/svg>\t\t\t\t\t\t<\/span>\n\t\t\t\t\t\t\t\t\t\t<span class=\"elementor-icon-list-text\">Praia da Arrifana, 8670-111 Aljezur<\/span>\n\t\t\t\t\t\t\t\t\t<\/li>\n\t\t\t\t\t\t\t\t<li class=\"elementor-icon-list-item\">\n\t\t\t\t\t\t\t\t\t\t\t<span class=\"elementor-icon-list-icon\">\n\t\t\t\t\t\t\t<svg aria-hidden=\"true\" class=\"e-font-icon-svg e-fas-envelope\" viewbox=\"0 0 512 512\" xmlns=\"http:\/\/www.w3.org\/2000\/svg\"><path d=\"M502.3 190.8c3.9-3.1 9.7-.2 9.7 4.7V400c0 26.5-21.5 48-48 48H48c-26.5 0-48-21.5-48-48V195.6c0-5 5.7-7.8 9.7-4.7 22.4 17.4 52.1 39.5 154.1 113.6 21.1 15.4 56.7 47.8 92.2 47.6 35.7.3 72-32.8 92.3-47.6 102-74.1 131.6-96.3 154-113.7zM256 320c23.2.4 56.6-29.2 73.4-41.4 132.7-96.3 142.8-104.7 173.4-128.7 5.8-4.5 9.2-11.5 9.2-18.9v-19c0-26.5-21.5-48-48-48H48C21.5 64 0 85.5 0 112v19c0 7.4 3.4 14.3 9.2 18.9 30.6 23.9 40.7 32.4 173.4 128.7 16.8 12.2 50.2 41.8 73.4 41.4z\"><\/path><\/svg>\t\t\t\t\t\t<\/span>\n\t\t\t\t\t\t\t\t\t\t<span class=\"elementor-icon-list-text\">becodaliberdade.houses@outlook.com<\/span>\n\t\t\t\t\t\t\t\t\t<\/li>\n\t\t\t\t\t\t\t\t<li class=\"elementor-icon-list-item\">\n\t\t\t\t\t\t\t\t\t\t\t<span class=\"elementor-icon-list-icon\">\n\t\t\t\t\t\t\t<svg aria-hidden=\"true\" class=\"e-font-icon-svg e-fas-phone-alt\" viewbox=\"0 0 512 512\" xmlns=\"http:\/\/www.w3.org\/2000\/svg\"><path d=\"M497.39 361.8l-112-48a24 24 0 0 0-28 6.9l-49.6 60.6A370.66 370.66 0 0 1 130.6 204.11l60.6-49.6a23.94 23.94 0 0 0 6.9-28l-48-112A24.16 24.16 0 0 0 122.6.61l-104 24A24 24 0 0 0 0 48c0 256.5 207.9 464 464 464a24 24 0 0 0 23.4-18.6l24-104a24.29 24.29 0 0 0-14.01-27.6z\"><\/path><\/svg>\t\t\t\t\t\t<\/span>\n\t\t\t\t\t\t\t\t\t\t<span class=\"elementor-icon-list-text\">+351 919 104 662<\/span>\n\t\t\t\t\t\t\t\t\t<\/li>\n\t\t\t\t\t\t\t\t<li class=\"elementor-icon-list-item\">\n\t\t\t\t\t\t\t\t\t\t\t<span class=\"elementor-icon-list-icon\">\n\t\t\t\t\t\t\t<svg aria-hidden=\"true\" class=\"e-font-icon-svg e-fab-whatsapp\" viewbox=\"0 0 448 512\" xmlns=\"http:\/\/www.w3.org\/2000\/svg\"><path d=\"M380.9 97.1C339 55.1 283.2 32 223.9 32c-122.4 0-222 99.6-222 222 0 39.1 10.2 77.3 29.6 111L0 480l117.7-30.9c32.4 17.7 68.9 27 106.1 27h.1c122.3 0 224.1-99.6 224.1-222 0-59.3-25.2-115-67.1-157zm-157 341.6c-33.2 0-65.7-8.9-94-25.7l-6.7-4-69.8 18.3L72 359.2l-4.4-7c-18.5-29.4-28.2-63.3-28.2-98.2 0-101.7 82.8-184.5 184.6-184.5 49.3 0 95.6 19.2 130.4 54.1 34.8 34.9 56.2 81.2 56.1 130.5 0 101.8-84.9 184.6-186.6 184.6zm101.2-138.2c-5.5-2.8-32.8-16.2-37.9-18-5.1-1.9-8.8-2.8-12.5 2.8-3.7 5.6-14.3 18-17.6 21.8-3.2 3.7-6.5 4.2-12 1.4-32.6-16.3-54-29.1-75.5-66-5.7-9.8 5.7-9.1 16.3-30.3 1.8-3.7.9-6.9-.5-9.7-1.4-2.8-12.5-30.1-17.1-41.2-4.5-10.8-9.1-9.3-12.5-9.5-3.2-.2-6.9-.2-10.6-.2-3.7 0-9.7 1.4-14.8 6.9-5.1 5.6-19.4 19-19.4 46.3 0 27.3 19.9 53.7 22.6 57.4 2.8 3.7 39.1 59.7 94.8 83.8 35.2 15.2 49 16.5 66.6 13.9 10.7-1.6 32.8-13.4 37.4-26.4 4.6-13 4.6-24.1 3.2-26.4-1.3-2.5-5-3.9-10.5-6.6z\"><\/path><\/svg>\t\t\t\t\t\t<\/span>\n\t\t\t\t\t\t\t\t\t\t<span class=\"elementor-icon-list-text\">+351 919 104 662<\/span>\n\t\t\t\t\t\t\t\t\t<\/li>\n\t\t\t\t\t\t<\/ul>\n\t\t\t\t\t\t<\/div>\n\t\t\t\t<\/div>\n\t\t\t\t<\/div>\n\t\t\t\t\t<\/div>\n\t\t\t\t<\/div>\n\t\t\t\t<\/div>","protected":false},"excerpt":{"rendered":"<p>Privacy Policy Who we are Our website address is: https:\/\/becodaliberdade.com What personal data we collect and why we collect it Contact forms Full name and personal details including contact information (e.g.\u00a0 email address). The data contained in the customer record that are marked with an asterisk (*) will be required to fulfill the established purpose. [&hellip;]<\/p>\n","protected":false},"author":1,"featured_media":0,"parent":0,"menu_order":0,"comment_status":"closed","ping_status":"open","template":"elementor_header_footer","meta":{"footnotes":""},"class_list":["post-3","page","type-page","status-publish","hentry"],"aioseo_notices":[],"_links":{"self":[{"href":"https:\/\/becodaliberdade.com\/pt\/wp-json\/wp\/v2\/pages\/3","targetHints":{"allow":["GET"]}}],"collection":[{"href":"https:\/\/becodaliberdade.com\/pt\/wp-json\/wp\/v2\/pages"}],"about":[{"href":"https:\/\/becodaliberdade.com\/pt\/wp-json\/wp\/v2\/types\/page"}],"author":[{"embeddable":true,"href":"https:\/\/becodaliberdade.com\/pt\/wp-json\/wp\/v2\/users\/1"}],"replies":[{"embeddable":true,"href":"https:\/\/becodaliberdade.com\/pt\/wp-json\/wp\/v2\/comments?post=3"}],"version-history":[{"count":0,"href":"https:\/\/becodaliberdade.com\/pt\/wp-json\/wp\/v2\/pages\/3\/revisions"}],"wp:attachment":[{"href":"https:\/\/becodaliberdade.com\/pt\/wp-json\/wp\/v2\/media?parent=3"}],"curies":[{"name":"wp","href":"https:\/\/api.w.org\/{rel}","templated":true}]}}