{"id":3,"date":"2020-03-12T15:27:54","date_gmt":"2020-03-12T15:27:54","guid":{"rendered":"https:\/\/becodaliberdade.com\/httpdocs\/?page_id=3"},"modified":"2026-04-29T23:24:32","modified_gmt":"2026-04-29T22:24:32","slug":"datenschutzrichtlinie","status":"publish","type":"page","link":"https:\/\/becodaliberdade.com\/de\/privacy-policy\/","title":{"rendered":"Datenschutzrichtlinie"},"content":{"rendered":"<div data-elementor-type=\"wp-page\" data-elementor-id=\"3\" class=\"elementor elementor-3\" data-elementor-post-type=\"page\">\n\t\t\t\t<div class=\"elementor-element elementor-element-0e531d3 e-flex e-con-boxed e-con e-parent\" data-id=\"0e531d3\" data-element_type=\"container\" data-e-type=\"container\">\n\t\t\t\t\t<div class=\"e-con-inner\">\n\t\t<div class=\"elementor-element elementor-element-94cbb9a e-con-full e-flex e-con e-child\" data-id=\"94cbb9a\" data-element_type=\"container\" data-e-type=\"container\">\n\t\t\t\t<div class=\"elementor-element elementor-element-0306e1b elementor-widget elementor-widget-heading\" data-id=\"0306e1b\" data-element_type=\"widget\" data-e-type=\"widget\" data-widget_type=\"heading.default\">\n\t\t\t\t<div class=\"elementor-widget-container\">\n\t\t\t\t\t<h1 class=\"elementor-heading-title elementor-size-default\">Datenschutzrichtlinie<\/h1>\t\t\t\t<\/div>\n\t\t\t\t<\/div>\n\t\t\t\t<\/div>\n\t\t<div class=\"elementor-element elementor-element-48bffd8 e-con-full e-flex e-con e-child\" data-id=\"48bffd8\" data-element_type=\"container\" data-e-type=\"container\">\n\t\t\t\t<div class=\"elementor-element elementor-element-beb9dbd elementor-widget elementor-widget-text-editor\" data-id=\"beb9dbd\" data-element_type=\"widget\" data-e-type=\"widget\" data-widget_type=\"text-editor.default\">\n\t\t\t\t<div class=\"elementor-widget-container\">\n\t\t\t\t\t\t\t\t\t<h3>Wer wir sind<\/h3><p>Unsere Website-Adresse lautet: https:\/\/becodaliberdade.com<\/p><h3>Welche personenbezogenen Daten erheben wir und warum?<\/h3><h5>Kontaktformulare<\/h5><p>Vollst\u00e4ndiger Name und pers\u00f6nliche Daten, einschlie\u00dflich Kontaktdaten (z. B. E-Mail-Adresse). Die im Kundendatensatz enthaltenen und mit einem Sternchen (*) gekennzeichneten Daten sind zur Erf\u00fcllung des angegebenen Zwecks erforderlich. Wenn der Nutzer diese Daten nicht bereitstellt, kann <strong>Beco da Liberdade<\/strong> nicht erf\u00fcllen.<\/p><h5>Cookies<\/h5><p>Um zu analysieren, wie Sie und andere Besucher auf der <strong>Beco da Liberdade<\/strong> und um aggregierte Statistiken \u00fcber die Website-Nutzung und die Antwortraten zu erstellen, erfassen wir mit Unterst\u00fctzung externer Analysedienstleister bestimmte Informationen, wenn Sie unsere Website besuchen. Zu diesen Informationen geh\u00f6ren IP-Adresse, geografischer Standort des Ger\u00e4ts, Browsertyp, Browsersprache, Datum und Uhrzeit Ihrer Anfrage, Uhrzeit(en) Ihres Besuchs, Seitenaufrufe und angeklickte Seitenelemente (z. B. Links).<\/p><p>Wir k\u00f6nnen Cookies, Pixel-Tags, Web-Beacons, Clear GIFs oder \u00e4hnliche Tools auf unserer Website oder in unseren E-Mails verwenden, um diese Informationen zu erfassen und zu analysieren. Wir nutzen diese Informationen, um bessere und relevantere Inhalte auf unserer Website bereitzustellen, die Effektivit\u00e4t von Werbung zu messen, Probleme zu identifizieren und zu beheben und Ihr allgemeines Erlebnis auf unserer Website zu verbessern. Wir k\u00f6nnen auch einen oder mehrere Drittanbieter mit der Bereitstellung von Online-Werbung in unserem Namen beauftragen. Diese k\u00f6nnen Pixel-Tags oder \u00e4hnliche Technologien verwenden, um Informationen \u00fcber Ihre Website-Besuche zu erfassen und Ihnen so gezielte Werbung zu senden.<\/p><p>Weitere Informationen zu dieser Vorgehensweise und zur Deaktivierung der Erfassung und Nutzung dieser Daten durch unsere Drittanbieter finden Sie unter <a href=\"https:\/\/www.cookiesandyou.com\/\" target=\"_blank\" rel=\"noopener\">Cookiesandyou.com<\/a>.<\/p><h3>Zwecke der Verarbeitung<\/h3><p>Die personenbezogenen Daten, die wir \u00fcber diese Seite erhalten, werden ausschlie\u00dflich f\u00fcr folgende Zwecke verwendet:<\/p><p>Kommunikation mit Kunden;<br \/>Bearbeitung von Anfragen zu Informationen im Zusammenhang mit unserem Unternehmen;<br \/>Reservierungsanfragen;<br \/>Buchungsbest\u00e4tigungen;<\/p><h3>Eingebettete Inhalte von anderen Websites<\/h3><p>Artikel auf dieser Website k\u00f6nnen eingebettete Inhalte enthalten (z. B. Videos, Bilder, Artikel usw.). Eingebettete Inhalte von anderen Websites verhalten sich genauso, als ob der Besucher die andere Website besucht h\u00e4tte.<\/p><p>Diese Websites k\u00f6nnen Daten \u00fcber Sie erheben, Cookies verwenden, zus\u00e4tzliches Tracking von Drittanbietern einbetten und Ihre Interaktion mit diesen eingebetteten Inhalten \u00fcberwachen. Dies umfasst auch die Verfolgung Ihrer Interaktion mit den eingebetteten Inhalten, sofern Sie \u00fcber ein Konto verf\u00fcgen und auf der jeweiligen Website angemeldet sind.<\/p><h3>Analytics<\/h3><p>Google Analytics wird verwendet, um Website-Statistiken sowie demografische Merkmale, Interessen und das Verhalten der Nutzer auf Websites zu erfassen. Wir nutzen au\u00dferdem die Google Search Console, um zu verstehen, wie unsere Website-Besucher unsere Website finden, und um unsere Suchmaschinenoptimierung zu verbessern <a href=\"https:\/\/tools.google.com\/dlpage\/gaoptout\">Erfahren Sie mehr dar\u00fcber,<\/a> wie diese Analysedaten verwendet werden k\u00f6nnen, wie Sie die Verwendung Ihrer Daten kontrollieren und wie Sie der Verwendung Ihrer Daten durch Google Analytics widersprechen k\u00f6nnen.<\/p><h3>Wie lange speichern wir Ihre Daten?<\/h3><p>Wir speichern Ihre Daten nur so lange, wie es f\u00fcr den Zweck der Erhebung erforderlich ist.<\/p><h3>Welche Rechte Sie an Ihren Daten haben<\/h3><p>Sie k\u00f6nnen einen Export Ihrer bei uns gespeicherten personenbezogenen Daten anfordern, einschlie\u00dflich der Daten, die Sie uns \u00fcbermittelt haben. Sie k\u00f6nnen auch die L\u00f6schung Ihrer bei uns gespeicherten personenbezogenen Daten verlangen. Ausgenommen hiervon sind Daten, zu deren Aufbewahrung wir aus administrativen, rechtlichen oder sicherheitsrelevanten Gr\u00fcnden verpflichtet sind.<\/p><h3>Weitere Informationen<\/h3><h5>Wie wir Ihre Daten sch\u00fctzen<\/h5><p>Wir haben Ma\u00dfnahmen ergriffen, um die Vertraulichkeit aller personenbezogenen Daten in unserer Obhut und unter unserer Kontrolle zu wahren. Dazu geh\u00f6rt, dass wir ausschlie\u00dflich Mitarbeitern und autorisierten Dienstleistern Zugriff auf personenbezogene Daten gew\u00e4hren, die diese f\u00fcr die in diesem Dokument beschriebenen Zwecke ben\u00f6tigen. Wir verf\u00fcgen \u00fcber administrative, technische und physische Sicherheitsvorkehrungen, um die in unserer Obhut und unter unserer Kontrolle befindlichen personenbezogenen Daten vor unbefugtem Zugriff, Nutzung, \u00c4nderung und Weitergabe zu sch\u00fctzen.<\/p>\t\t\t\t\t\t\t\t<\/div>\n\t\t\t\t<\/div>\n\t\t\t\t<\/div>\n\t\t\t\t\t<\/div>\n\t\t\t\t<\/div>\n\t\t<div class=\"elementor-element elementor-element-54e1fccf e-flex e-con-boxed e-con e-parent\" data-id=\"54e1fccf\" data-element_type=\"container\" data-e-type=\"container\" data-settings=\"{&quot;background_background&quot;:&quot;classic&quot;}\">\n\t\t\t\t\t<div class=\"e-con-inner\">\n\t\t<div class=\"elementor-element elementor-element-49ef220 e-con-full e-flex e-con e-child\" data-id=\"49ef220\" data-element_type=\"container\" data-e-type=\"container\">\n\t\t\t\t<div class=\"elementor-element elementor-element-261c08f4 elementor-invisible elementor-widget elementor-widget-image\" data-id=\"261c08f4\" data-element_type=\"widget\" data-e-type=\"widget\" data-settings=\"{&quot;_animation&quot;:&quot;zoomIn&quot;}\" data-widget_type=\"image.default\">\n\t\t\t\t<div class=\"elementor-widget-container\">\n\t\t\t\t\t\t\t\t\t\t\t\t\t\t\t<img decoding=\"async\" width=\"217\" height=\"120\" src=\"https:\/\/becodaliberdade.com\/wp-content\/uploads\/BL_LogoHeader.png\" class=\"attachment-full size-full wp-image-1580\" alt=\"Beco da Liberdade\" srcset=\"https:\/\/becodaliberdade.com\/wp-content\/uploads\/BL_LogoHeader.png 217w, https:\/\/becodaliberdade.com\/wp-content\/uploads\/BL_LogoHeader-18x10.png 18w\" sizes=\"(max-width: 217px) 100vw, 217px\" \/>\t\t\t\t\t\t\t\t\t\t\t\t\t\t\t<\/div>\n\t\t\t\t<\/div>\n\t\t\t\t<div class=\"elementor-element elementor-element-7229a34 e-grid-align-mobile-center elementor-shape-rounded elementor-grid-0 e-grid-align-center elementor-widget elementor-widget-social-icons\" data-id=\"7229a34\" data-element_type=\"widget\" data-e-type=\"widget\" data-widget_type=\"social-icons.default\">\n\t\t\t\t<div class=\"elementor-widget-container\">\n\t\t\t\t\t\t\t<div class=\"elementor-social-icons-wrapper elementor-grid\" role=\"list\">\n\t\t\t\t\t\t\t<span class=\"elementor-grid-item\" role=\"listitem\">\n\t\t\t\t\t<a class=\"elementor-icon elementor-social-icon elementor-social-icon-facebook-f elementor-repeater-item-j72bmuy\" href=\"https:\/\/www.facebook.com\/BecoDaLiberdadeBeachHousesArrifana\/\" target=\"_blank\">\n\t\t\t\t\t\t<span class=\"elementor-screen-only\">Facebook-f<\/span>\n\t\t\t\t\t\t<svg aria-hidden=\"true\" class=\"e-font-icon-svg e-fab-facebook-f\" viewbox=\"0 0 320 512\" xmlns=\"http:\/\/www.w3.org\/2000\/svg\"><path d=\"M279.14 288l14.22-92.66h-88.91v-60.13c0-25.35 12.42-50.06 52.24-50.06h40.42V6.26S260.43 0 225.36 0c-73.22 0-121.08 44.38-121.08 124.72v70.62H22.89V288h81.39v224h100.17V288z\"><\/path><\/svg>\t\t\t\t\t<\/a>\n\t\t\t\t<\/span>\n\t\t\t\t\t\t\t<span class=\"elementor-grid-item\" role=\"listitem\">\n\t\t\t\t\t<a class=\"elementor-icon elementor-social-icon elementor-social-icon-instagram elementor-repeater-item-39wqrd7\" href=\"https:\/\/www.instagram.com\/becodaliberdade\/\" target=\"_blank\">\n\t\t\t\t\t\t<span class=\"elementor-screen-only\">Instagram<\/span>\n\t\t\t\t\t\t<svg aria-hidden=\"true\" class=\"e-font-icon-svg e-fab-instagram\" viewbox=\"0 0 448 512\" xmlns=\"http:\/\/www.w3.org\/2000\/svg\"><path d=\"M224.1 141c-63.6 0-114.9 51.3-114.9 114.9s51.3 114.9 114.9 114.9S339 319.5 339 255.9 287.7 141 224.1 141zm0 189.6c-41.1 0-74.7-33.5-74.7-74.7s33.5-74.7 74.7-74.7 74.7 33.5 74.7 74.7-33.6 74.7-74.7 74.7zm146.4-194.3c0 14.9-12 26.8-26.8 26.8-14.9 0-26.8-12-26.8-26.8s12-26.8 26.8-26.8 26.8 12 26.8 26.8zm76.1 27.2c-1.7-35.9-9.9-67.7-36.2-93.9-26.2-26.2-58-34.4-93.9-36.2-37-2.1-147.9-2.1-184.9 0-35.8 1.7-67.6 9.9-93.9 36.1s-34.4 58-36.2 93.9c-2.1 37-2.1 147.9 0 184.9 1.7 35.9 9.9 67.7 36.2 93.9s58 34.4 93.9 36.2c37 2.1 147.9 2.1 184.9 0 35.9-1.7 67.7-9.9 93.9-36.2 26.2-26.2 34.4-58 36.2-93.9 2.1-37 2.1-147.8 0-184.8zM398.8 388c-7.8 19.6-22.9 34.7-42.6 42.6-29.5 11.7-99.5 9-132.1 9s-102.7 2.6-132.1-9c-19.6-7.8-34.7-22.9-42.6-42.6-11.7-29.5-9-99.5-9-132.1s-2.6-102.7 9-132.1c7.8-19.6 22.9-34.7 42.6-42.6 29.5-11.7 99.5-9 132.1-9s102.7-2.6 132.1 9c19.6 7.8 34.7 22.9 42.6 42.6 11.7 29.5 9 99.5 9 132.1s2.7 102.7-9 132.1z\"><\/path><\/svg>\t\t\t\t\t<\/a>\n\t\t\t\t<\/span>\n\t\t\t\t\t<\/div>\n\t\t\t\t\t\t<\/div>\n\t\t\t\t<\/div>\n\t\t\t\t<div class=\"elementor-element elementor-element-645de5c2 elementor-widget elementor-widget-heading\" data-id=\"645de5c2\" data-element_type=\"widget\" data-e-type=\"widget\" data-widget_type=\"heading.default\">\n\t\t\t\t<div class=\"elementor-widget-container\">\n\t\t\t\t\t<h6 class=\"elementor-heading-title elementor-size-default\"><a href=\"https:\/\/becodaliberdade.com\/de\/privacy-policy\/\">Datenschutzrichtlinie<\/a><\/h6>\t\t\t\t<\/div>\n\t\t\t\t<\/div>\n\t\t\t\t<\/div>\n\t\t<div class=\"elementor-element elementor-element-1988c537 e-con-full e-flex e-con e-child\" data-id=\"1988c537\" data-element_type=\"container\" data-e-type=\"container\">\n\t\t\t\t<div class=\"elementor-element elementor-element-5fc17693 elementor-icon-list--layout-traditional elementor-list-item-link-full_width elementor-widget elementor-widget-icon-list\" data-id=\"5fc17693\" data-element_type=\"widget\" data-e-type=\"widget\" data-widget_type=\"icon-list.default\">\n\t\t\t\t<div class=\"elementor-widget-container\">\n\t\t\t\t\t\t\t<ul class=\"elementor-icon-list-items\">\n\t\t\t\t\t\t\t<li class=\"elementor-icon-list-item\">\n\t\t\t\t\t\t\t\t\t\t\t<span class=\"elementor-icon-list-icon\">\n\t\t\t\t\t\t\t<svg aria-hidden=\"true\" class=\"e-font-icon-svg e-fas-map-marker-alt\" viewbox=\"0 0 384 512\" xmlns=\"http:\/\/www.w3.org\/2000\/svg\"><path d=\"M172.268 501.67C26.97 291.031 0 269.413 0 192 0 85.961 85.961 0 192 0s192 85.961 192 192c0 77.413-26.97 99.031-172.268 309.67-9.535 13.774-29.93 13.773-39.464 0zM192 272c44.183 0 80-35.817 80-80s-35.817-80-80-80-80 35.817-80 80 35.817 80 80 80z\"><\/path><\/svg>\t\t\t\t\t\t<\/span>\n\t\t\t\t\t\t\t\t\t\t<span class=\"elementor-icon-list-text\">Praia da Arrifana, 8670-111 Aljezur<\/span>\n\t\t\t\t\t\t\t\t\t<\/li>\n\t\t\t\t\t\t\t\t<li class=\"elementor-icon-list-item\">\n\t\t\t\t\t\t\t\t\t\t\t<span class=\"elementor-icon-list-icon\">\n\t\t\t\t\t\t\t<svg aria-hidden=\"true\" class=\"e-font-icon-svg e-fas-envelope\" viewbox=\"0 0 512 512\" xmlns=\"http:\/\/www.w3.org\/2000\/svg\"><path d=\"M502.3 190.8c3.9-3.1 9.7-.2 9.7 4.7V400c0 26.5-21.5 48-48 48H48c-26.5 0-48-21.5-48-48V195.6c0-5 5.7-7.8 9.7-4.7 22.4 17.4 52.1 39.5 154.1 113.6 21.1 15.4 56.7 47.8 92.2 47.6 35.7.3 72-32.8 92.3-47.6 102-74.1 131.6-96.3 154-113.7zM256 320c23.2.4 56.6-29.2 73.4-41.4 132.7-96.3 142.8-104.7 173.4-128.7 5.8-4.5 9.2-11.5 9.2-18.9v-19c0-26.5-21.5-48-48-48H48C21.5 64 0 85.5 0 112v19c0 7.4 3.4 14.3 9.2 18.9 30.6 23.9 40.7 32.4 173.4 128.7 16.8 12.2 50.2 41.8 73.4 41.4z\"><\/path><\/svg>\t\t\t\t\t\t<\/span>\n\t\t\t\t\t\t\t\t\t\t<span class=\"elementor-icon-list-text\">becodaliberdade.houses@outlook.com<\/span>\n\t\t\t\t\t\t\t\t\t<\/li>\n\t\t\t\t\t\t\t\t<li class=\"elementor-icon-list-item\">\n\t\t\t\t\t\t\t\t\t\t\t<span class=\"elementor-icon-list-icon\">\n\t\t\t\t\t\t\t<svg aria-hidden=\"true\" class=\"e-font-icon-svg e-fas-phone-alt\" viewbox=\"0 0 512 512\" xmlns=\"http:\/\/www.w3.org\/2000\/svg\"><path d=\"M497.39 361.8l-112-48a24 24 0 0 0-28 6.9l-49.6 60.6A370.66 370.66 0 0 1 130.6 204.11l60.6-49.6a23.94 23.94 0 0 0 6.9-28l-48-112A24.16 24.16 0 0 0 122.6.61l-104 24A24 24 0 0 0 0 48c0 256.5 207.9 464 464 464a24 24 0 0 0 23.4-18.6l24-104a24.29 24.29 0 0 0-14.01-27.6z\"><\/path><\/svg>\t\t\t\t\t\t<\/span>\n\t\t\t\t\t\t\t\t\t\t<span class=\"elementor-icon-list-text\">+351 919 104 662<\/span>\n\t\t\t\t\t\t\t\t\t<\/li>\n\t\t\t\t\t\t\t\t<li class=\"elementor-icon-list-item\">\n\t\t\t\t\t\t\t\t\t\t\t<span class=\"elementor-icon-list-icon\">\n\t\t\t\t\t\t\t<svg aria-hidden=\"true\" class=\"e-font-icon-svg e-fab-whatsapp\" viewbox=\"0 0 448 512\" xmlns=\"http:\/\/www.w3.org\/2000\/svg\"><path d=\"M380.9 97.1C339 55.1 283.2 32 223.9 32c-122.4 0-222 99.6-222 222 0 39.1 10.2 77.3 29.6 111L0 480l117.7-30.9c32.4 17.7 68.9 27 106.1 27h.1c122.3 0 224.1-99.6 224.1-222 0-59.3-25.2-115-67.1-157zm-157 341.6c-33.2 0-65.7-8.9-94-25.7l-6.7-4-69.8 18.3L72 359.2l-4.4-7c-18.5-29.4-28.2-63.3-28.2-98.2 0-101.7 82.8-184.5 184.6-184.5 49.3 0 95.6 19.2 130.4 54.1 34.8 34.9 56.2 81.2 56.1 130.5 0 101.8-84.9 184.6-186.6 184.6zm101.2-138.2c-5.5-2.8-32.8-16.2-37.9-18-5.1-1.9-8.8-2.8-12.5 2.8-3.7 5.6-14.3 18-17.6 21.8-3.2 3.7-6.5 4.2-12 1.4-32.6-16.3-54-29.1-75.5-66-5.7-9.8 5.7-9.1 16.3-30.3 1.8-3.7.9-6.9-.5-9.7-1.4-2.8-12.5-30.1-17.1-41.2-4.5-10.8-9.1-9.3-12.5-9.5-3.2-.2-6.9-.2-10.6-.2-3.7 0-9.7 1.4-14.8 6.9-5.1 5.6-19.4 19-19.4 46.3 0 27.3 19.9 53.7 22.6 57.4 2.8 3.7 39.1 59.7 94.8 83.8 35.2 15.2 49 16.5 66.6 13.9 10.7-1.6 32.8-13.4 37.4-26.4 4.6-13 4.6-24.1 3.2-26.4-1.3-2.5-5-3.9-10.5-6.6z\"><\/path><\/svg>\t\t\t\t\t\t<\/span>\n\t\t\t\t\t\t\t\t\t\t<span class=\"elementor-icon-list-text\">+351 919 104 662<\/span>\n\t\t\t\t\t\t\t\t\t<\/li>\n\t\t\t\t\t\t<\/ul>\n\t\t\t\t\t\t<\/div>\n\t\t\t\t<\/div>\n\t\t\t\t<\/div>\n\t\t\t\t\t<\/div>\n\t\t\t\t<\/div>\n\t\t\t\t<\/div>","protected":false},"excerpt":{"rendered":"<p>Privacy Policy Who we are Our website address is: https:\/\/becodaliberdade.com What personal data we collect and why we collect it Contact forms Full name and personal details including contact information (e.g.\u00a0 email address). The data contained in the customer record that are marked with an asterisk (*) will be required to fulfill the established purpose. [&hellip;]<\/p>\n","protected":false},"author":1,"featured_media":0,"parent":0,"menu_order":0,"comment_status":"closed","ping_status":"open","template":"elementor_header_footer","meta":{"footnotes":""},"class_list":["post-3","page","type-page","status-publish","hentry"],"aioseo_notices":[],"_links":{"self":[{"href":"https:\/\/becodaliberdade.com\/de\/wp-json\/wp\/v2\/pages\/3","targetHints":{"allow":["GET"]}}],"collection":[{"href":"https:\/\/becodaliberdade.com\/de\/wp-json\/wp\/v2\/pages"}],"about":[{"href":"https:\/\/becodaliberdade.com\/de\/wp-json\/wp\/v2\/types\/page"}],"author":[{"embeddable":true,"href":"https:\/\/becodaliberdade.com\/de\/wp-json\/wp\/v2\/users\/1"}],"replies":[{"embeddable":true,"href":"https:\/\/becodaliberdade.com\/de\/wp-json\/wp\/v2\/comments?post=3"}],"version-history":[{"count":0,"href":"https:\/\/becodaliberdade.com\/de\/wp-json\/wp\/v2\/pages\/3\/revisions"}],"wp:attachment":[{"href":"https:\/\/becodaliberdade.com\/de\/wp-json\/wp\/v2\/media?parent=3"}],"curies":[{"name":"wp","href":"https:\/\/api.w.org\/{rel}","templated":true}]}}